{"id":383,"date":"2026-04-18T04:36:33","date_gmt":"2026-04-18T04:36:33","guid":{"rendered":"https:\/\/agroevolution.com\/index.php\/mobilier-urban\/"},"modified":"2026-04-18T05:51:39","modified_gmt":"2026-04-18T05:51:39","slug":"mobilier-urban","status":"publish","type":"page","link":"https:\/\/agroevolution.com\/index.php\/mobilier-urban\/","title":{"rendered":"Mobilier Urban pentru Prim\u0103rii \u2014 B\u0103nci, Co\u0219uri, Pergole, Iluminat Solar"},"content":{"rendered":"\n<p>Oferim <strong>mobilier urban complet<\/strong> pentru prim\u0103rii, parcuri, spa\u021bii publice \u0219i institu\u021bii \u2014 b\u0103nci, co\u0219uri de gunoi, pergole, st\u00e2lpi de iluminat solar, suporturi biciclete \u0219i jardiniere. Livrare din stoc sau la comand\u0103, cu documenta\u021bie pentru achizi\u021bie public\u0103 SEAP.<\/p>\n\n\n\n<figure class=\"wp-block-image alignwide size-large\"><img loading=\"lazy\" decoding=\"async\" width=\"2016\" height=\"1134\" src=\"https:\/\/agroevolution.com\/wp-content\/uploads\/2026\/04\/WhatsApp-Image-2026-04-17-at-112616-AM.jpg\" alt=\"Pergola si mobilier urban \u2014 banc\u0103 parc \u0219i echipamente fitness, Vidra Ilfov\" class=\"wp-image-397\" srcset=\"https:\/\/agroevolution.com\/wp-content\/uploads\/2026\/04\/WhatsApp-Image-2026-04-17-at-112616-AM.jpg 2016w, https:\/\/agroevolution.com\/wp-content\/uploads\/2026\/04\/WhatsApp-Image-2026-04-17-at-112616-AM-300x169.jpg 300w, https:\/\/agroevolution.com\/wp-content\/uploads\/2026\/04\/WhatsApp-Image-2026-04-17-at-112616-AM-1024x576.jpg 1024w, https:\/\/agroevolution.com\/wp-content\/uploads\/2026\/04\/WhatsApp-Image-2026-04-17-at-112616-AM-768x432.jpg 768w, https:\/\/agroevolution.com\/wp-content\/uploads\/2026\/04\/WhatsApp-Image-2026-04-17-at-112616-AM-1536x864.jpg 1536w, https:\/\/agroevolution.com\/wp-content\/uploads\/2026\/04\/WhatsApp-Image-2026-04-17-at-112616-AM-750x422.jpg 750w\" sizes=\"auto, (max-width: 2016px) 100vw, 2016px\" \/><figcaption>Pergol\u0103 + b\u0103nci + fitness exterior \u2014 instalare real\u0103, Vidra, Ilfov<\/figcaption><\/figure>\n\n\n\n\n\n<h2 class=\"wp-block-heading\">Produse Disponibile<\/h2>\n\n\n\n<div class=\"wp-block-columns is-layout-flex wp-container-core-columns-is-layout-9d6595d7 wp-block-columns-is-layout-flex\">\n\n<div class=\"wp-block-column is-layout-flow wp-block-column-is-layout-flow\">\n\n<div class=\"wp-block-group\" style=\"border-color:#4CAF50;border-style:solid;border-width:2px;padding:20px\"><div class=\"wp-block-group__inner-container is-layout-constrained wp-block-group-is-layout-constrained\">\n<h3 class=\"wp-block-heading\">\ud83e\ude91 B\u0103nci de Parc<\/h3>\n<p><strong>800 \u2013 2.500 RON + TVA \/ buc<\/strong><\/p>\n\n<ul class=\"wp-block-list\">\n<li>\u2705 O\u021bel vopsit electrostatic sau inox<\/li>\n<li>\u2705 \u0218ipci lemn tratat sau plastic reciclat<\/li>\n<li>\u2705 Cu\/f\u0103r\u0103 sp\u0103tar, cu\/f\u0103r\u0103 bra\u021be<\/li>\n<li>\u2705 Ancorare \u00een beton inclus\u0103<\/li>\n<li>\u2705 Garan\u021bie 5 ani structur\u0103<\/li>\n<\/ul>\n\n<\/div><\/div>\n\n<\/div>\n\n\n\n<div class=\"wp-block-column is-layout-flow wp-block-column-is-layout-flow\">\n\n<div class=\"wp-block-group\" style=\"border-color:#2196F3;border-style:solid;border-width:2px;padding:20px\"><div class=\"wp-block-group__inner-container is-layout-constrained wp-block-group-is-layout-constrained\">\n<h3 class=\"wp-block-heading\">\ud83d\uddd1\ufe0f Co\u0219uri de Gunoi<\/h3>\n<p><strong>400 \u2013 1.200 RON + TVA \/ buc<\/strong><\/p>\n\n<ul class=\"wp-block-list\">\n<li>\u2705 Capacitate 30\u2013120 litri<\/li>\n<li>\u2705 O\u021bel zincat sau inox<\/li>\n<li>\u2705 Cu capac antiv\u00e2nt \/ antivandalism<\/li>\n<li>\u2705 Montare pe st\u00e2lp sau fixare sol<\/li>\n<li>\u2705 Colectare selectiv\u0103 (op\u021bional 2 camere)<\/li>\n<\/ul>\n\n<\/div><\/div>\n\n<\/div>\n\n\n\n<div class=\"wp-block-column is-layout-flow wp-block-column-is-layout-flow\">\n\n<div class=\"wp-block-group\" style=\"border-color:#FF9800;border-style:solid;border-width:2px;padding:20px\"><div class=\"wp-block-group__inner-container is-layout-constrained wp-block-group-is-layout-constrained\">\n<h3 class=\"wp-block-heading\">\u26fa Pergole \u0219i Foi\u0219oare<\/h3>\n<p><strong>5.000 \u2013 18.000 RON + TVA<\/strong><\/p>\n\n<ul class=\"wp-block-list\">\n<li>\u2705 O\u021bel vopsit sau aluminiu<\/li>\n<li>\u2705 Acoperi\u0219 policarbonat \/ \u0219indril\u0103 \/ tabl\u0103<\/li>\n<li>\u2705 Dimensiuni la comand\u0103<\/li>\n<li>\u2705 Op\u021bional: iluminat integrat LED<\/li>\n<li>\u2705 Funda\u021bie + montaj inclus<\/li>\n<\/ul>\n\n<\/div><\/div>\n\n<\/div>\n\n<\/div>\n\n\n\n<div class=\"wp-block-columns is-layout-flex wp-container-core-columns-is-layout-9d6595d7 wp-block-columns-is-layout-flex\">\n\n<div class=\"wp-block-column is-layout-flow wp-block-column-is-layout-flow\">\n\n<div class=\"wp-block-group\" style=\"border-color:#ddd;border-style:solid;border-width:1px;padding:20px\"><div class=\"wp-block-group__inner-container is-layout-constrained wp-block-group-is-layout-constrained\">\n<h3 class=\"wp-block-heading\">\ud83d\udca1 St\u00e2lpi Iluminat Solar<\/h3>\n<p><strong>2.000 \u2013 6.000 RON + TVA \/ buc<\/strong><\/p>\n\n<ul class=\"wp-block-list\">\n<li>\u2705 Panou solar + baterie LiFePO4<\/li>\n<li>\u2705 LED 20\u201380W, autonomie 3+ nop\u021bi<\/li>\n<li>\u2705 Senzor crepuscular + telecomand\u0103<\/li>\n<li>\u2705 Zero cablu electric \u2014 montaj rapid<\/li>\n<li>\u2705 Garan\u021bie 3 ani<\/li>\n<\/ul>\n\n<\/div><\/div>\n\n<\/div>\n\n\n\n<div class=\"wp-block-column is-layout-flow wp-block-column-is-layout-flow\">\n\n<div class=\"wp-block-group\" style=\"border-color:#ddd;border-style:solid;border-width:1px;padding:20px\"><div class=\"wp-block-group__inner-container is-layout-constrained wp-block-group-is-layout-constrained\">\n<h3 class=\"wp-block-heading\">\ud83d\udeb2 Suporturi Biciclete<\/h3>\n<p><strong>300 \u2013 900 RON + TVA \/ buc<\/strong><\/p>\n\n<ul class=\"wp-block-list\">\n<li>\u2705 O\u021bel zincat sau inox<\/li>\n<li>\u2705 2\u201310 locuri per modul<\/li>\n<li>\u2705 Ancorare beton sau \u0219uruburi<\/li>\n<li>\u2705 Design modern sau clasic<\/li>\n<\/ul>\n\n<\/div><\/div>\n\n<\/div>\n\n\n\n<div class=\"wp-block-column is-layout-flow wp-block-column-is-layout-flow\">\n\n<div class=\"wp-block-group\" style=\"border-color:#ddd;border-style:solid;border-width:1px;padding:20px\"><div class=\"wp-block-group__inner-container is-layout-constrained wp-block-group-is-layout-constrained\">\n<h3 class=\"wp-block-heading\">\ud83c\udf38 Jardiniere \u0219i Ghivece Urbane<\/h3>\n<p><strong>500 \u2013 3.000 RON + TVA \/ buc<\/strong><\/p>\n\n<ul class=\"wp-block-list\">\n<li>\u2705 Beton fibrat, o\u021bel sau lemn<\/li>\n<li>\u2705 Dimensiuni variate (50cm \u2013 2m)<\/li>\n<li>\u2705 Cu\/f\u0103r\u0103 sistem irigare<\/li>\n<li>\u2705 Rezistente \u00eenghe\u021b<\/li>\n<\/ul>\n\n<\/div><\/div>\n\n<\/div>\n\n<\/div>\n\n\n\n<h2 class=\"wp-block-heading\">Pachete Complete pentru Prim\u0103rii<\/h2>\n\n\n\n<div class=\"wp-block-columns is-layout-flex wp-container-core-columns-is-layout-9d6595d7 wp-block-columns-is-layout-flex\">\n\n<div class=\"wp-block-column is-layout-flow wp-block-column-is-layout-flow\">\n\n<div class=\"wp-block-group\" style=\"border-color:#4CAF50;border-style:solid;border-width:1px;padding:20px\"><div class=\"wp-block-group__inner-container is-layout-constrained wp-block-group-is-layout-constrained\">\n<h3 class=\"wp-block-heading\">\ud83c\udfd8\ufe0f Pachet Sat \/ Comun\u0103<\/h3>\n<p>10 b\u0103nci + 10 co\u0219uri + 1 pergol\u0103 + 5 st\u00e2lpi solar<\/p>\n<p><strong>35.000 \u2013 55.000 RON + TVA<\/strong><\/p>\n<p>Procedur\u0103 simplificat\u0103 SEAP. Sub pragul de licita\u021bie deschis\u0103.<\/p>\n<\/div><\/div>\n\n<\/div>\n\n\n\n<div class=\"wp-block-column is-layout-flow wp-block-column-is-layout-flow\">\n\n<div class=\"wp-block-group\" style=\"border-color:#2196F3;border-style:solid;border-width:2px;padding:20px\"><div class=\"wp-block-group__inner-container is-layout-constrained wp-block-group-is-layout-constrained\">\n<h3 class=\"wp-block-heading\" style=\"color:#2196F3\">\ud83c\udfd9\ufe0f Pachet Ora\u0219 Mic<\/h3>\n<p>30 b\u0103nci + 30 co\u0219uri + 3 pergole + 15 st\u00e2lpi solar + suporturi biciclete<\/p>\n<p><strong>120.000 \u2013 180.000 RON + TVA<\/strong><\/p>\n<p>Documenta\u021bie complet\u0103 pentru licita\u021bie SEAP inclus\u0103.<\/p>\n<\/div><\/div>\n\n<\/div>\n\n\n\n<div class=\"wp-block-column is-layout-flow wp-block-column-is-layout-flow\">\n\n<div class=\"wp-block-group\" style=\"border-color:#ddd;border-style:solid;border-width:1px;padding:20px\"><div class=\"wp-block-group__inner-container is-layout-constrained wp-block-group-is-layout-constrained\">\n<h3 class=\"wp-block-heading\">\ud83c\udfdb\ufe0f Pachet Personalizat<\/h3>\n<p>Orice combina\u021bie de produse, orice cantitate.<\/p>\n<p><strong>Ofert\u0103 la cerere \u00een 24h<\/strong><\/p>\n<p>Proiect de amplasament inclus gratuit pentru comenzi peste 20.000 RON.<\/p>\n<\/div><\/div>\n\n<\/div>\n\n<\/div>\n\n\n\n<h2 class=\"wp-block-heading\">De Ce Mobilier Urban de Calitate<\/h2>\n\n\n\n<ul class=\"wp-block-list\">\n<li>\u2705 <strong>Durabilitate<\/strong> \u2014 materiale tratate anticoroziv, rezistente 10+ ani \u00een exterior<\/li>\n<li>\u2705 <strong>Conformitate<\/strong> \u2014 produse CE, fi\u0219e tehnice pentru dosarul SEAP<\/li>\n<li>\u2705 <strong>Livrare rapid\u0103<\/strong> \u2014 produse standard din stoc, livrare 5\u201310 zile<\/li>\n<li>\u2705 <strong>Montaj inclus<\/strong> \u2014 echip\u0103 proprie, f\u0103r\u0103 subcontractori<\/li>\n<li>\u2705 <strong>Garan\u021bie<\/strong> \u2014 2\u20135 ani func\u021bie de produs<\/li>\n<\/ul>\n\n\n\n<h2 class=\"wp-block-heading\">Eligibil Fonduri Europene<\/h2>\n\n\n\n<p>Mobilierul urban poate fi achizi\u021bionat prin <strong>buget local<\/strong>, <strong>Programul Regional FEDR 2021\u20132027<\/strong> (reabilitare spa\u021bii publice) sau <strong>PNRR Componenta 10<\/strong> (infrastructur\u0103 local\u0103). V\u0103 ajut\u0103m cu specifica\u021biile tehnice pentru caietul de sarcini.<\/p>\n\n\n\n<h2 class=\"wp-block-heading\">Solicita\u021bi Ofert\u0103<\/h2>\n\n\n\n<p>Spune\u021bi-ne ce produse \u0219i cantit\u0103\u021bi dori\u021bi. R\u0103spundem cu ofert\u0103 detaliat\u0103 \u00een 24 de ore, inclusiv fotografii, fi\u0219e tehnice \u0219i pre\u021buri finale cu transport.<\/p>\n\n\n\n<p>\ud83d\udce7 <a href=\"mailto:tudor@agroevolution.com\">tudor@agroevolution.com<\/a><br>\ud83d\udcde <a href=\"tel:+40750609594\">+40 750 609 594<\/a><\/p>\n","protected":false},"excerpt":{"rendered":"<p>Mobilier urban complet pentru prim\u0103rii \u0219i spa\u021bii publice: b\u0103nci, co\u0219uri gunoi, pergole, st\u00e2lpi iluminat solar. Livrare rapid\u0103, documenta\u021bie SEAP, montaj inclus.<\/p>\n","protected":false},"author":1,"featured_media":397,"parent":0,"menu_order":0,"comment_status":"closed","ping_status":"closed","template":"","meta":{"footnotes":""},"class_list":["post-383","page","type-page","status-publish","has-post-thumbnail","hentry"],"yoast_head":"<!-- This site is optimized with the Yoast SEO plugin v27.4 - https:\/\/yoast.com\/product\/yoast-seo-wordpress\/ -->\n<title>Mobilier Urban pentru Prim\u0103rii \u2014 B\u0103nci, Co\u0219uri, Pergole, Iluminat Solar - Agro Evolution<\/title>\n<meta name=\"robots\" content=\"index, follow, max-snippet:-1, max-image-preview:large, max-video-preview:-1\" \/>\n<link rel=\"canonical\" href=\"https:\/\/agroevolution.com\/index.php\/mobilier-urban\/\" \/>\n<meta property=\"og:locale\" content=\"en_US\" \/>\n<meta property=\"og:type\" content=\"article\" \/>\n<meta property=\"og:title\" content=\"Mobilier Urban pentru Prim\u0103rii \u2014 B\u0103nci, Co\u0219uri, Pergole, Iluminat Solar - Agro Evolution\" \/>\n<meta property=\"og:description\" content=\"Mobilier urban complet pentru prim\u0103rii \u0219i spa\u021bii publice: b\u0103nci, co\u0219uri gunoi, pergole, st\u00e2lpi iluminat solar. Livrare rapid\u0103, documenta\u021bie SEAP, montaj inclus.\" \/>\n<meta property=\"og:url\" content=\"https:\/\/agroevolution.com\/index.php\/mobilier-urban\/\" \/>\n<meta property=\"og:site_name\" content=\"Agro Evolution\" \/>\n<meta property=\"article:publisher\" content=\"https:\/\/www.facebook.com\/agroevolutionRomania\" \/>\n<meta property=\"article:modified_time\" content=\"2026-04-18T05:51:39+00:00\" \/>\n<meta property=\"og:image\" content=\"https:\/\/agroevolution.com\/wp-content\/uploads\/2026\/04\/WhatsApp-Image-2026-04-17-at-112616-AM.jpg\" \/>\n\t<meta property=\"og:image:width\" content=\"2016\" \/>\n\t<meta property=\"og:image:height\" content=\"1134\" \/>\n\t<meta property=\"og:image:type\" content=\"image\/jpeg\" \/>\n<meta name=\"twitter:card\" content=\"summary_large_image\" \/>\n<meta name=\"twitter:label1\" content=\"Est. reading time\" \/>\n\t<meta name=\"twitter:data1\" content=\"2 minutes\" \/>\n<script type=\"application\/ld+json\" class=\"yoast-schema-graph\">{\"@context\":\"https:\\\/\\\/schema.org\",\"@graph\":[{\"@type\":\"WebPage\",\"@id\":\"https:\\\/\\\/agroevolution.com\\\/index.php\\\/mobilier-urban\\\/\",\"url\":\"https:\\\/\\\/agroevolution.com\\\/index.php\\\/mobilier-urban\\\/\",\"name\":\"Mobilier Urban pentru Prim\u0103rii \u2014 B\u0103nci, Co\u0219uri, Pergole, Iluminat Solar - Agro Evolution\",\"isPartOf\":{\"@id\":\"https:\\\/\\\/agroevolution.com\\\/#website\"},\"primaryImageOfPage\":{\"@id\":\"https:\\\/\\\/agroevolution.com\\\/index.php\\\/mobilier-urban\\\/#primaryimage\"},\"image\":{\"@id\":\"https:\\\/\\\/agroevolution.com\\\/index.php\\\/mobilier-urban\\\/#primaryimage\"},\"thumbnailUrl\":\"https:\\\/\\\/agroevolution.com\\\/wp-content\\\/uploads\\\/2026\\\/04\\\/WhatsApp-Image-2026-04-17-at-112616-AM.jpg\",\"datePublished\":\"2026-04-18T04:36:33+00:00\",\"dateModified\":\"2026-04-18T05:51:39+00:00\",\"breadcrumb\":{\"@id\":\"https:\\\/\\\/agroevolution.com\\\/index.php\\\/mobilier-urban\\\/#breadcrumb\"},\"inLanguage\":\"en-US\",\"potentialAction\":[{\"@type\":\"ReadAction\",\"target\":[\"https:\\\/\\\/agroevolution.com\\\/index.php\\\/mobilier-urban\\\/\"]}]},{\"@type\":\"ImageObject\",\"inLanguage\":\"en-US\",\"@id\":\"https:\\\/\\\/agroevolution.com\\\/index.php\\\/mobilier-urban\\\/#primaryimage\",\"url\":\"https:\\\/\\\/agroevolution.com\\\/wp-content\\\/uploads\\\/2026\\\/04\\\/WhatsApp-Image-2026-04-17-at-112616-AM.jpg\",\"contentUrl\":\"https:\\\/\\\/agroevolution.com\\\/wp-content\\\/uploads\\\/2026\\\/04\\\/WhatsApp-Image-2026-04-17-at-112616-AM.jpg\",\"width\":2016,\"height\":1134,\"caption\":\"Pergol\u0103 \u0219i mobilier urban \u2014 banc\u0103 parc \u0219i echipamente fitness exterior, Vidra Ilfov\"},{\"@type\":\"BreadcrumbList\",\"@id\":\"https:\\\/\\\/agroevolution.com\\\/index.php\\\/mobilier-urban\\\/#breadcrumb\",\"itemListElement\":[{\"@type\":\"ListItem\",\"position\":1,\"name\":\"Home\",\"item\":\"https:\\\/\\\/agroevolution.com\\\/\"},{\"@type\":\"ListItem\",\"position\":2,\"name\":\"Mobilier Urban pentru Prim\u0103rii \u2014 B\u0103nci, Co\u0219uri, Pergole, Iluminat Solar\"}]},{\"@type\":\"WebSite\",\"@id\":\"https:\\\/\\\/agroevolution.com\\\/#website\",\"url\":\"https:\\\/\\\/agroevolution.com\\\/\",\"name\":\"Agro Evolution\",\"description\":\"Farms for sale\",\"publisher\":{\"@id\":\"https:\\\/\\\/agroevolution.com\\\/#organization\"},\"potentialAction\":[{\"@type\":\"SearchAction\",\"target\":{\"@type\":\"EntryPoint\",\"urlTemplate\":\"https:\\\/\\\/agroevolution.com\\\/?s={search_term_string}\"},\"query-input\":{\"@type\":\"PropertyValueSpecification\",\"valueRequired\":true,\"valueName\":\"search_term_string\"}}],\"inLanguage\":\"en-US\"},{\"@type\":\"Organization\",\"@id\":\"https:\\\/\\\/agroevolution.com\\\/#organization\",\"name\":\"Agro Evolution\",\"url\":\"https:\\\/\\\/agroevolution.com\\\/\",\"logo\":{\"@type\":\"ImageObject\",\"inLanguage\":\"en-US\",\"@id\":\"https:\\\/\\\/agroevolution.com\\\/#\\\/schema\\\/logo\\\/image\\\/\",\"url\":\"https:\\\/\\\/agroevolution.com\\\/wp-content\\\/uploads\\\/2024\\\/02\\\/cropped-Green-Agriculture-Farming-Business-Logo-2.png\",\"contentUrl\":\"https:\\\/\\\/agroevolution.com\\\/wp-content\\\/uploads\\\/2024\\\/02\\\/cropped-Green-Agriculture-Farming-Business-Logo-2.png\",\"width\":512,\"height\":512,\"caption\":\"Agro Evolution\"},\"image\":{\"@id\":\"https:\\\/\\\/agroevolution.com\\\/#\\\/schema\\\/logo\\\/image\\\/\"},\"sameAs\":[\"https:\\\/\\\/www.facebook.com\\\/agroevolutionRomania\"]}]}<\/script>\n<!-- \/ Yoast SEO plugin. -->","yoast_head_json":{"title":"Mobilier Urban pentru Prim\u0103rii \u2014 B\u0103nci, Co\u0219uri, Pergole, Iluminat Solar - Agro Evolution","robots":{"index":"index","follow":"follow","max-snippet":"max-snippet:-1","max-image-preview":"max-image-preview:large","max-video-preview":"max-video-preview:-1"},"canonical":"https:\/\/agroevolution.com\/index.php\/mobilier-urban\/","og_locale":"en_US","og_type":"article","og_title":"Mobilier Urban pentru Prim\u0103rii \u2014 B\u0103nci, Co\u0219uri, Pergole, Iluminat Solar - Agro Evolution","og_description":"Mobilier urban complet pentru prim\u0103rii \u0219i spa\u021bii publice: b\u0103nci, co\u0219uri gunoi, pergole, st\u00e2lpi iluminat solar. Livrare rapid\u0103, documenta\u021bie SEAP, montaj inclus.","og_url":"https:\/\/agroevolution.com\/index.php\/mobilier-urban\/","og_site_name":"Agro Evolution","article_publisher":"https:\/\/www.facebook.com\/agroevolutionRomania","article_modified_time":"2026-04-18T05:51:39+00:00","og_image":[{"width":2016,"height":1134,"url":"https:\/\/agroevolution.com\/wp-content\/uploads\/2026\/04\/WhatsApp-Image-2026-04-17-at-112616-AM.jpg","type":"image\/jpeg"}],"twitter_card":"summary_large_image","twitter_misc":{"Est. reading time":"2 minutes"},"schema":{"@context":"https:\/\/schema.org","@graph":[{"@type":"WebPage","@id":"https:\/\/agroevolution.com\/index.php\/mobilier-urban\/","url":"https:\/\/agroevolution.com\/index.php\/mobilier-urban\/","name":"Mobilier Urban pentru Prim\u0103rii \u2014 B\u0103nci, Co\u0219uri, Pergole, Iluminat Solar - Agro Evolution","isPartOf":{"@id":"https:\/\/agroevolution.com\/#website"},"primaryImageOfPage":{"@id":"https:\/\/agroevolution.com\/index.php\/mobilier-urban\/#primaryimage"},"image":{"@id":"https:\/\/agroevolution.com\/index.php\/mobilier-urban\/#primaryimage"},"thumbnailUrl":"https:\/\/agroevolution.com\/wp-content\/uploads\/2026\/04\/WhatsApp-Image-2026-04-17-at-112616-AM.jpg","datePublished":"2026-04-18T04:36:33+00:00","dateModified":"2026-04-18T05:51:39+00:00","breadcrumb":{"@id":"https:\/\/agroevolution.com\/index.php\/mobilier-urban\/#breadcrumb"},"inLanguage":"en-US","potentialAction":[{"@type":"ReadAction","target":["https:\/\/agroevolution.com\/index.php\/mobilier-urban\/"]}]},{"@type":"ImageObject","inLanguage":"en-US","@id":"https:\/\/agroevolution.com\/index.php\/mobilier-urban\/#primaryimage","url":"https:\/\/agroevolution.com\/wp-content\/uploads\/2026\/04\/WhatsApp-Image-2026-04-17-at-112616-AM.jpg","contentUrl":"https:\/\/agroevolution.com\/wp-content\/uploads\/2026\/04\/WhatsApp-Image-2026-04-17-at-112616-AM.jpg","width":2016,"height":1134,"caption":"Pergol\u0103 \u0219i mobilier urban \u2014 banc\u0103 parc \u0219i echipamente fitness exterior, Vidra Ilfov"},{"@type":"BreadcrumbList","@id":"https:\/\/agroevolution.com\/index.php\/mobilier-urban\/#breadcrumb","itemListElement":[{"@type":"ListItem","position":1,"name":"Home","item":"https:\/\/agroevolution.com\/"},{"@type":"ListItem","position":2,"name":"Mobilier Urban pentru Prim\u0103rii \u2014 B\u0103nci, Co\u0219uri, Pergole, Iluminat Solar"}]},{"@type":"WebSite","@id":"https:\/\/agroevolution.com\/#website","url":"https:\/\/agroevolution.com\/","name":"Agro Evolution","description":"Farms for sale","publisher":{"@id":"https:\/\/agroevolution.com\/#organization"},"potentialAction":[{"@type":"SearchAction","target":{"@type":"EntryPoint","urlTemplate":"https:\/\/agroevolution.com\/?s={search_term_string}"},"query-input":{"@type":"PropertyValueSpecification","valueRequired":true,"valueName":"search_term_string"}}],"inLanguage":"en-US"},{"@type":"Organization","@id":"https:\/\/agroevolution.com\/#organization","name":"Agro Evolution","url":"https:\/\/agroevolution.com\/","logo":{"@type":"ImageObject","inLanguage":"en-US","@id":"https:\/\/agroevolution.com\/#\/schema\/logo\/image\/","url":"https:\/\/agroevolution.com\/wp-content\/uploads\/2024\/02\/cropped-Green-Agriculture-Farming-Business-Logo-2.png","contentUrl":"https:\/\/agroevolution.com\/wp-content\/uploads\/2024\/02\/cropped-Green-Agriculture-Farming-Business-Logo-2.png","width":512,"height":512,"caption":"Agro Evolution"},"image":{"@id":"https:\/\/agroevolution.com\/#\/schema\/logo\/image\/"},"sameAs":["https:\/\/www.facebook.com\/agroevolutionRomania"]}]}},"_links":{"self":[{"href":"https:\/\/agroevolution.com\/index.php\/wp-json\/wp\/v2\/pages\/383","targetHints":{"allow":["GET"]}}],"collection":[{"href":"https:\/\/agroevolution.com\/index.php\/wp-json\/wp\/v2\/pages"}],"about":[{"href":"https:\/\/agroevolution.com\/index.php\/wp-json\/wp\/v2\/types\/page"}],"author":[{"embeddable":true,"href":"https:\/\/agroevolution.com\/index.php\/wp-json\/wp\/v2\/users\/1"}],"replies":[{"embeddable":true,"href":"https:\/\/agroevolution.com\/index.php\/wp-json\/wp\/v2\/comments?post=383"}],"version-history":[{"count":1,"href":"https:\/\/agroevolution.com\/index.php\/wp-json\/wp\/v2\/pages\/383\/revisions"}],"predecessor-version":[{"id":399,"href":"https:\/\/agroevolution.com\/index.php\/wp-json\/wp\/v2\/pages\/383\/revisions\/399"}],"wp:featuredmedia":[{"embeddable":true,"href":"https:\/\/agroevolution.com\/index.php\/wp-json\/wp\/v2\/media\/397"}],"wp:attachment":[{"href":"https:\/\/agroevolution.com\/index.php\/wp-json\/wp\/v2\/media?parent=383"}],"curies":[{"name":"wp","href":"https:\/\/api.w.org\/{rel}","templated":true}]}}